{"id":11,"date":"2018-10-31T13:25:24","date_gmt":"2018-10-31T12:25:24","guid":{"rendered":"https:\/\/promotion-software.de\/website\/?page_id=11"},"modified":"2025-12-04T20:51:12","modified_gmt":"2025-12-04T19:51:12","slug":"impressum","status":"publish","type":"page","link":"https:\/\/promotion-software.de\/website\/impressum\/","title":{"rendered":"Impressum"},"content":{"rendered":"\n<div class=\"standard_wrapper\">\n<p>Promotion Software&nbsp;GmbH<br>\nStudio T\u00fcbingen<br>\nKarlstra\u00dfe 3<br>\nD-72072 T\u00fcbingen<br>\nDeutschland<\/p>\n<p>Promotion Software GmbH<br>\nStudio Berlin<br>\nStralauer Allee 2C<br>\nD-10245 Berlin<br>\nDeutschland<\/p>\n<p>Gesch\u00e4ftsf\u00fchrung: Klaas Kersting<\/p>\n<h2>Copyright<\/h2>\n<p>Jedes Website-Design, jeder Text, alle Graphiken, jede Auswahl bzw. jedes Layout davon sind, soweit nicht ausdr\u00fccklich anders angegeben, urheberrechtlich gesch\u00fctzt und unterliegen dem Copyright der Promotion Software GmbH. Alle Rechte bleiben vorbehalten.<\/p>\n<p>Fotos: Copyright \u00a9 Promotion Software GmbH<\/p>\n<p>Portrait-Foto Ralph Stock: Justus B\u00fcrger (<a href=\"https:\/\/creativecommons.org\/licenses\/by-sa\/4.0\/\" target=\"_blank\" rel=\"noopener noreferrer\">CC BY-SA 4.0<\/a>)<\/p>\n<p>Webdesign: p-s-brands Theme based on Zerif Lite (ThemeIsle)<\/p>\n<h2><\/h2>\n<h2>Inhalt des Onlineangebots<\/h2>\n<p>Promotion Software GmbH (PS) als Inhaltsanbieter f\u00fcr die eigenen Inhalte, die sie zur Nutzung bereitstellt, nach den allgemeinen Gesetzen verantwortlich. PS \u00fcbernimmt jedoch keine Gew\u00e4hr f\u00fcr die Aktualit\u00e4t, Korrektheit, Vollst\u00e4ndigkeit oder Qualit\u00e4t der bereitgestellten Informationen. Haftungsanspr\u00fcche gegen PS, welche sich auf Sch\u00e4den materieller und ideeller Art beziehen, die durch die Nutzung oder Nichtnutzung der dargebotenen Informationen bzw. durch die Nutzung fehlerhafter und unvollst\u00e4ndiger Informationen verursacht wurden, sind grunds\u00e4tzlich ausgeschlossen, sofern seitens PS kein nachweislich vors\u00e4tzliches oder grob fahrl\u00e4ssiges Verschulden vorliegt.<\/p>\n<h2><\/h2>\n<h2>Verweise \/ Links<\/h2>\n<p>PS beh\u00e4lt es sich ausdr\u00fccklich vor, Teile der Seiten oder das gesamte Angebot ohne gesonderte Ank\u00fcndigung zu ver\u00e4ndern, zu erg\u00e4nzen, zu l\u00f6schen oder die Ver\u00f6ffentlichung zeitweise und endg\u00fcltig einzustellen.PS stellt auf seiner Internetpr\u00e4senz Verweise zu anderen Websites her, die von Dritten gepflegt werden. Die auf diesen Websites angebotenen Inhalte stammen nicht von PS und spiegeln nicht deren Meinung wieder. PS vermittelt lediglich den Zugang zu diesen Websites. PS betont ausdr\u00fccklich, dass PS keinerlei Einfluss auf die Gestaltung und die Inhalte der von PS gelinkten Seiten hat. Deshalb distanziert sich PS hiermit ausdr\u00fccklich von allen Inhalten aller verlinkten Seiten, auf die von PS aus verlinkt wird und macht sich deren Inhalte nicht zu Eigen. Dies gilt insbesondere f\u00fcr den Fall, dass der User durch die Nutzung des PS Website-Angebots auf Inhalte fremder Anbieter sto\u00dfen k\u00f6nnte, die dieser als anst\u00f6\u00dfig oder unangemessen empfinden k\u00f6nnte. PS \u00fcbernimmt demgem\u00e4\u00df auch keinerlei Haftung f\u00fcr die Inhalte der Seiten von denen aus auf die Internetseiten von PS verwiesen wird. PS \u00fcbernimmt keine Verantwortung f\u00fcr den Inhalt, die Richtigkeit und Rechtm\u00e4\u00dfigkeit sowie die Form einzelner \u2013 auch von Dritten \u2013 eingestellten Inhalten. PS erkl\u00e4rt ausdr\u00fccklich, dass zum Zeitpunkt der Linksetzung die entsprechenden verlinkten Seiten frei von illegalen Inhalten waren. PS hat keinerlei Einfluss auf die aktuelle und zuk\u00fcnftige Gestaltung und auf die Inhalte der gelinkten\/verkn\u00fcpften Seiten. Die vorstehend genannten Einschr\u00e4nkungen und Haftungsausschl\u00fcsse gelten f\u00fcr alle innerhalb des eigenen Internetangebots gesetzten Links und Verweise.<\/p>\n<h2><\/h2>\n<h2>Urheber- und Kennzeichenrecht<\/h2>\n<p>Das Angebot auf dieser Website wird vom Herausgeber bereitgestellt und \u00fcberwacht. Alle Daten, Informationen und das Material dieser Seite, Bildzeichen\/Bilder, Illustrationen, Audio- und Videoclips sind durch Urheberrechte, Warenzeichen und andere Rechte bez\u00fcglich geistigen Eigentums, die von PS oder anderen Parteien gehalten \/ kontrolliert werden und f\u00fcr die PS Lizenzen erteilt wurden, gesch\u00fctzt. Dieses Material \/ diese Daten d\u00fcrfen weder kopiert, vervielf\u00e4ltigt, neu ver\u00f6ffentlicht, herauf geladen (uploaded), versendet, \u00fcbertragen oder in sonstiger Weise, einschlie\u00dflich E-Mail und anderen elektronischen Mitteln verteilt werden. Ohne die vorherige Zustimmung von PS ist die \u00c4nderung der Daten, Information und des Materials, deren Nutzung auf anderen Websites oder auf durch Netzwerk verbundene Computerumgebungen sowie deren Nutzung f\u00fcr andere als pers\u00f6nliche, nichtgewerbliche Zwecke ein Versto\u00df gegen Urheberrechte, Warenzeichen und andere Eigentumsrechte und somit verboten. Zivil- und strafrechtliche Verfolgung bei Verst\u00f6\u00dfen gegen die Urheberrechte behalten wir uns vor.<\/p>\n<h2><\/h2>\n<h2>Rechtswirksamkeit dieses Haftungsausschlusses<\/h2>\n<p>Dieser Haftungsausschluss ist als Teil des Internetangebots zu betrachten, von dem aus auf diese Seite verwiesen wurde. Sofern Teile oder einzelne Formulierungen dieses Textes der geltenden Rechtslage nicht, nicht mehr oder nicht vollst\u00e4ndig entsprechen sollten, bleiben die \u00fcbrigen Teile des Dokuments in ihrem Inhalt und ihrer G\u00fcltigkeit unber\u00fchrt.<\/p>\n<h2><\/h2>\n<h2>Datennutzung<\/h2>\n<p>Die Nutzung der Inhalte oder Angebote wird nicht nutzerbezogen gespeichert oder ausgewertet. Das bedeutet, dass wir keine personenbezogenen Nutzerprofile erstellen.<\/p>\n<p>Das Nutzungsverhalten aller Nutzer des Angebotes wird von uns anhand der gespeicherten Daten ausschlie\u00dflich in anonymer Art und Weise und ausschlie\u00dflich zu statistischen Zwecken sowie zum Zweck der Optimierung und Weiterentwicklung ausgewertet.<\/p>\n<p>Diese Nutzungsbedingungen unterliegen deutschem Recht. Wir k\u00f6nnen diese Bedingungen jederzeit \u00e4ndern. Wir empfehlen Ihnen deshalb sie sich von Zeit zu Zeit durchzulesen. Sind einzelne Bestimmungen dieser Nutzungsbedingungen unwirksam oder l\u00fcckenhaft, ber\u00fchrt das nicht die Wirksamkeit der \u00fcbrigen Klauseln. S\u00e4mtliche Fragen oder Beanstandungen im Zusammenhang mit diesen Nutzungsbedingungen \/ Allgemeinen Gesch\u00e4ftsbedingungen oder den diesen zugrundeliegenden Vertr\u00e4gen k\u00f6nnen schriftlich bei PS vorgebracht werden.<\/p>\n<h2>Umsatzsteuer-ID<\/h2>\n<p>Umsatzsteuer-Identifikationsnummer gem\u00e4\u00df \u00a727 a Umsatzsteuergesetz:<br>\nDE 154725368<\/p>\n<\/div>\n","protected":false},"excerpt":{"rendered":"<p>Promotion Software&nbsp;GmbH Studio T\u00fcbingen Karlstra\u00dfe 3 D-72072 T\u00fcbingen Deutschland Promotion Software GmbH Studio Berlin Stralauer Allee 2C D-10245 Berlin Deutschland Gesch\u00e4ftsf\u00fchrung: Klaas Kersting Copyright Jedes Website-Design, jeder Text, alle Graphiken, jede Auswahl bzw. jedes Layout davon sind, soweit nicht ausdr\u00fccklich anders angegeben, urheberrechtlich gesch\u00fctzt und unterliegen dem Copyright der Promotion Software GmbH. Alle Rechte bleiben <a href=\"https:\/\/promotion-software.de\/website\/impressum\/\" rel=\"nofollow\"><span class=\"sr-only\">Read more about Impressum<\/span>[&hellip;]<\/a><\/p>\n","protected":false},"author":1,"featured_media":0,"parent":0,"menu_order":0,"comment_status":"closed","ping_status":"closed","template":"template-fullwidth.php","meta":{"footnotes":""},"class_list":["post-11","page","type-page","status-publish","hentry"],"_links":{"self":[{"href":"https:\/\/promotion-software.de\/website\/wp-json\/wp\/v2\/pages\/11","targetHints":{"allow":["GET"]}}],"collection":[{"href":"https:\/\/promotion-software.de\/website\/wp-json\/wp\/v2\/pages"}],"about":[{"href":"https:\/\/promotion-software.de\/website\/wp-json\/wp\/v2\/types\/page"}],"author":[{"embeddable":true,"href":"https:\/\/promotion-software.de\/website\/wp-json\/wp\/v2\/users\/1"}],"replies":[{"embeddable":true,"href":"https:\/\/promotion-software.de\/website\/wp-json\/wp\/v2\/comments?post=11"}],"version-history":[{"count":10,"href":"https:\/\/promotion-software.de\/website\/wp-json\/wp\/v2\/pages\/11\/revisions"}],"predecessor-version":[{"id":214,"href":"https:\/\/promotion-software.de\/website\/wp-json\/wp\/v2\/pages\/11\/revisions\/214"}],"wp:attachment":[{"href":"https:\/\/promotion-software.de\/website\/wp-json\/wp\/v2\/media?parent=11"}],"curies":[{"name":"wp","href":"https:\/\/api.w.org\/{rel}","templated":true}]}}